{"id":19,"date":"2022-08-13T12:19:40","date_gmt":"2022-08-13T10:19:40","guid":{"rendered":"https:\/\/www.hausuhof.de\/?page_id=19"},"modified":"2022-08-23T11:17:12","modified_gmt":"2022-08-23T09:17:12","slug":"impressum","status":"publish","type":"page","link":"https:\/\/www.hausuhof.de\/?page_id=19","title":{"rendered":"Impressum"},"content":{"rendered":"\t\t<div data-elementor-type=\"wp-page\" data-elementor-id=\"19\" class=\"elementor elementor-19\">\n\t\t\t\t\t\t\t\t\t<section class=\"elementor-section elementor-top-section elementor-element elementor-element-9401a29 elementor-section-boxed elementor-section-height-default elementor-section-height-default\" data-id=\"9401a29\" data-element_type=\"section\">\n\t\t\t\t\t\t<div class=\"elementor-container elementor-column-gap-default\">\n\t\t\t\t\t<div class=\"elementor-column elementor-col-100 elementor-top-column elementor-element elementor-element-780ae29\" data-id=\"780ae29\" data-element_type=\"column\">\n\t\t\t<div class=\"elementor-widget-wrap elementor-element-populated\">\n\t\t\t\t\t\t\t\t<div class=\"elementor-element elementor-element-d5ef7d4 elementor-widget elementor-widget-text-editor\" data-id=\"d5ef7d4\" data-element_type=\"widget\" data-widget_type=\"text-editor.default\">\n\t\t\t\t<div class=\"elementor-widget-container\">\n\t\t\t<style>\/*! elementor - v3.7.3 - 29-08-2022 *\/\n.elementor-widget-text-editor.elementor-drop-cap-view-stacked .elementor-drop-cap{background-color:#818a91;color:#fff}.elementor-widget-text-editor.elementor-drop-cap-view-framed .elementor-drop-cap{color:#818a91;border:3px solid;background-color:transparent}.elementor-widget-text-editor:not(.elementor-drop-cap-view-default) .elementor-drop-cap{margin-top:8px}.elementor-widget-text-editor:not(.elementor-drop-cap-view-default) .elementor-drop-cap-letter{width:1em;height:1em}.elementor-widget-text-editor .elementor-drop-cap{float:left;text-align:center;line-height:1;font-size:50px}.elementor-widget-text-editor .elementor-drop-cap-letter{display:inline-block}<\/style>\t\t\t\t<p><strong>Haus+Hof GbR<\/strong><br \/>\nGesch&auml;ftsf&uuml;hrerin: Andrea Ebeling<\/p>\n\n<p>Gesellschafter: Hermann Hofmann und Daniel Schnell<\/p>\n\n<p>Gartenstrasse 2<br \/>\n68642 B&uuml;rstadt<br \/>\nDeutschland<\/p>\n\n<p>Telefon: +49-(0) 176 \u2013 22 61 32 02<br \/>\nTelefax: +49-(0) 6206 \u2013 98 70 77<\/p>\n\n<p>E-Mail: info@hausuhof.de<\/p>\n\n<p>Steuernummer: 0532530121<br \/>\nFinanzamt Bensheim<\/p>\n\n<p>Verbraucherinformation gem\u00e4\u00df Verordnung (EU) Nr. 524\/2013:<p>\n\n<p>Im Rahmen der Verordnung \u00fcber Online-Streitbeilegung in Verbraucherangelegenheiten steht Ihnen unter http:\/\/ec.europa.eu\/consumers\/odr\/ eine Online-Streitbeilegungsplattform der EU-Kommission zur Verf\u00fcgung.<\/p>\n\n<p><strong>Haftungshinweis<\/strong><\/p>\n\n<p>Trotz sorgf\u00e4ltiger inhaltlicher Kontrolle \u00fcbernehmen wir keine Haftung f\u00fcr die Inhalte externer Links. F\u00fcr den Inhalt der verlinkten Seiten sind ausschlie\u00dflich deren Betreiber verantwortlich.<\/p>\n\n<p><strong>Copyright<\/strong><\/p>\n\n<p>Die \u00fcber dieses Website angebotenen Inhalte und ver\u00f6ffentlichten Fotos sind urheberrechtlich gesch\u00fctzt und k\u00f6nnen auch Rechte Dritter beinhalten. Ihre Nutzung unterliegt den geltenden Urheberrechten.<\/p>\n\n<p>Bilder Immobilien:<br \/>\n&#8211; Privat bei Haus+Hof GbR<\/p>\n\t\t\t\t\t\t<\/div>\n\t\t\t\t<\/div>\n\t\t\t\t\t<\/div>\n\t\t<\/div>\n\t\t\t\t\t\t\t<\/div>\n\t\t<\/section>\n\t\t\t\t\t\t\t<\/div>\n\t\t","protected":false},"excerpt":{"rendered":"<p>Haus+Hof GbR Gesch&auml;ftsf&uuml;hrerin: Andrea Ebeling Gesellschafter: Hermann Hofmann und Daniel Schnell Gartenstrasse 2 68642 B&uuml;rstadt Deutschland Telefon: +49-(0) 176 \u2013 22 61 32 02 Telefax:&hellip;<\/p>\n","protected":false},"author":1,"featured_media":0,"parent":0,"menu_order":0,"comment_status":"closed","ping_status":"closed","template":"","meta":{"footnotes":""},"class_list":["post-19","page","type-page","status-publish","hentry"],"_links":{"self":[{"href":"https:\/\/www.hausuhof.de\/index.php?rest_route=\/wp\/v2\/pages\/19","targetHints":{"allow":["GET"]}}],"collection":[{"href":"https:\/\/www.hausuhof.de\/index.php?rest_route=\/wp\/v2\/pages"}],"about":[{"href":"https:\/\/www.hausuhof.de\/index.php?rest_route=\/wp\/v2\/types\/page"}],"author":[{"embeddable":true,"href":"https:\/\/www.hausuhof.de\/index.php?rest_route=\/wp\/v2\/users\/1"}],"replies":[{"embeddable":true,"href":"https:\/\/www.hausuhof.de\/index.php?rest_route=%2Fwp%2Fv2%2Fcomments&post=19"}],"version-history":[{"count":4,"href":"https:\/\/www.hausuhof.de\/index.php?rest_route=\/wp\/v2\/pages\/19\/revisions"}],"predecessor-version":[{"id":296,"href":"https:\/\/www.hausuhof.de\/index.php?rest_route=\/wp\/v2\/pages\/19\/revisions\/296"}],"wp:attachment":[{"href":"https:\/\/www.hausuhof.de\/index.php?rest_route=%2Fwp%2Fv2%2Fmedia&parent=19"}],"curies":[{"name":"wp","href":"https:\/\/api.w.org\/{rel}","templated":true}]}}